{"id":102,"date":"2026-03-31T18:51:32","date_gmt":"2026-03-31T18:51:32","guid":{"rendered":"https:\/\/actageographicacroatica.com\/?page_id=102"},"modified":"2026-03-31T18:54:57","modified_gmt":"2026-03-31T18:54:57","slug":"indeksiranje","status":"publish","type":"page","link":"https:\/\/actageographicacroatica.com\/index.php\/indeksiranje\/","title":{"rendered":"Indeksiranje"},"content":{"rendered":"\n<p>\u010clanci objavljeni u \u010dasopisu Acta Geographica Croatica indeksiraju se u sljede\u0107im sekundarnim publikacijama: Current Geographical Publications i EBSCO Academic Search Complete dok se u bazi GeoRef selektivno indeksiraju \u010dlanci geoznanstvene tematike.<\/p>\n\n\n\n<p>\u010clanci objavljeni u razdoblju od 1992. do 1997. indeksirani su u bazi Scopus. Indeksiranje u toj bazi prestalo je zbog ka\u0161njenja u redovnom izla\u017eenju. Uredni\u0161tvo te\u017ei povratku indeksiranja u ovoj bazi.<\/p>\n\n\n\n<div style=\"height:58px\" aria-hidden=\"true\" class=\"wp-block-spacer\"><\/div>\n\n\n\n<p><\/p>\n","protected":false},"excerpt":{"rendered":"<p>\u010clanci objavljeni u \u010dasopisu Acta Geographica Croatica indeksiraju se u sljede\u0107im sekundarnim publikacijama: Current Geographical Publications i EBSCO Academic Search Complete dok se u bazi GeoRef selektivno indeksiraju \u010dlanci geoznanstvene tematike. \u010clanci objavljeni u razdoblju od 1992. do 1997. indeksirani su u bazi Scopus. Indeksiranje u toj bazi prestalo je zbog ka\u0161njenja u redovnom izla\u017eenju. &hellip; <\/p>\n<p class=\"link-more\"><a href=\"https:\/\/actageographicacroatica.com\/index.php\/indeksiranje\/\" class=\"more-link\">Read more<span class=\"screen-reader-text\"> &#8220;Indeksiranje&#8221;<\/span><\/a><\/p>\n","protected":false},"author":1,"featured_media":0,"parent":0,"menu_order":0,"comment_status":"closed","ping_status":"closed","template":"","meta":{"footnotes":""},"class_list":["post-102","page","type-page","status-publish","hentry"],"_links":{"self":[{"href":"https:\/\/actageographicacroatica.com\/index.php\/wp-json\/wp\/v2\/pages\/102","targetHints":{"allow":["GET"]}}],"collection":[{"href":"https:\/\/actageographicacroatica.com\/index.php\/wp-json\/wp\/v2\/pages"}],"about":[{"href":"https:\/\/actageographicacroatica.com\/index.php\/wp-json\/wp\/v2\/types\/page"}],"author":[{"embeddable":true,"href":"https:\/\/actageographicacroatica.com\/index.php\/wp-json\/wp\/v2\/users\/1"}],"replies":[{"embeddable":true,"href":"https:\/\/actageographicacroatica.com\/index.php\/wp-json\/wp\/v2\/comments?post=102"}],"version-history":[{"count":3,"href":"https:\/\/actageographicacroatica.com\/index.php\/wp-json\/wp\/v2\/pages\/102\/revisions"}],"predecessor-version":[{"id":108,"href":"https:\/\/actageographicacroatica.com\/index.php\/wp-json\/wp\/v2\/pages\/102\/revisions\/108"}],"wp:attachment":[{"href":"https:\/\/actageographicacroatica.com\/index.php\/wp-json\/wp\/v2\/media?parent=102"}],"curies":[{"name":"wp","href":"https:\/\/api.w.org\/{rel}","templated":true}]}}