{"id":97,"date":"2026-03-31T18:22:44","date_gmt":"2026-03-31T18:22:44","guid":{"rendered":"https:\/\/actageographicacroatica.com\/?page_id=97"},"modified":"2026-03-31T19:12:15","modified_gmt":"2026-03-31T19:12:15","slug":"ciljevi-i-sadrzaj","status":"publish","type":"page","link":"https:\/\/actageographicacroatica.com\/index.php\/ciljevi-i-sadrzaj\/","title":{"rendered":"Ciljevi i sadr\u017eaj"},"content":{"rendered":"\n<p>Acta Geographica Croatica znanstveni je \u010dasopis koji objavljuje rezultate izvornih istra\u017eivanja te pregledne znanstvene radove. Iznimno \u010dasopis objavljuje i stru\u010dne radove koji su od posebnog zna\u010daja za geografsku struku.<\/p>\n\n\n\n<p>Objavljuju se radovi iz svih disciplina fizi\u010dke (npr. geomorfologija, klimatologija, hidrologija, geoekologija, biogeografija i dr.) i socijalne (demografija, urbana i ruralna geografija, ekonomska, politi\u010dka geografija i dr.) geografije. Tako\u0111er, objavljuju se regionalne geografske studije te radovi iz primijenjene geografije. Posebno su dobrodo\u0161li radovi usmjereni na moderne metode tehnologije (GIS, daljinska istra\u017eivanja, strojno u\u010denje i dr.). Dobro su do\u0161li i prostorno orijentirani \u010dlanci iz srodnih disciplina (npr. geologija, botanika, arheologija, antropologija, sociologija i dr.).&nbsp;<\/p>\n\n\n\n<p>\u010clanci se objavljuju na hrvatskom i engleskom jeziku.&nbsp;<\/p>\n\n\n\n<p>\u010casopis izlazi jednom godi\u0161nje.<\/p>\n\n\n\n<p>Acta Geographica Croatica je znanstveni \u010dasopis s dijamantnim otvorenim pristupom. \u010casopis ne napla\u0107uje APC (naknadu za obradu \u010dlanka) niti naknade za objavljivanje te ima otvoreni pristup (OA) svim \u010dlancima putem portala Hr\u010dak.<\/p>\n\n\n\n<div style=\"height:100px\" aria-hidden=\"true\" class=\"wp-block-spacer\"><\/div>\n","protected":false},"excerpt":{"rendered":"<p>Acta Geographica Croatica znanstveni je \u010dasopis koji objavljuje rezultate izvornih istra\u017eivanja te pregledne znanstvene radove. Iznimno \u010dasopis objavljuje i stru\u010dne radove koji su od posebnog zna\u010daja za geografsku struku. Objavljuju se radovi iz svih disciplina fizi\u010dke (npr. geomorfologija, klimatologija, hidrologija, geoekologija, biogeografija i dr.) i socijalne (demografija, urbana i ruralna geografija, ekonomska, politi\u010dka geografija i &hellip; <\/p>\n<p class=\"link-more\"><a href=\"https:\/\/actageographicacroatica.com\/index.php\/ciljevi-i-sadrzaj\/\" class=\"more-link\">Read more<span class=\"screen-reader-text\"> &#8220;Ciljevi i sadr\u017eaj&#8221;<\/span><\/a><\/p>\n","protected":false},"author":1,"featured_media":0,"parent":0,"menu_order":0,"comment_status":"closed","ping_status":"closed","template":"","meta":{"footnotes":""},"class_list":["post-97","page","type-page","status-publish","hentry"],"_links":{"self":[{"href":"https:\/\/actageographicacroatica.com\/index.php\/wp-json\/wp\/v2\/pages\/97","targetHints":{"allow":["GET"]}}],"collection":[{"href":"https:\/\/actageographicacroatica.com\/index.php\/wp-json\/wp\/v2\/pages"}],"about":[{"href":"https:\/\/actageographicacroatica.com\/index.php\/wp-json\/wp\/v2\/types\/page"}],"author":[{"embeddable":true,"href":"https:\/\/actageographicacroatica.com\/index.php\/wp-json\/wp\/v2\/users\/1"}],"replies":[{"embeddable":true,"href":"https:\/\/actageographicacroatica.com\/index.php\/wp-json\/wp\/v2\/comments?post=97"}],"version-history":[{"count":3,"href":"https:\/\/actageographicacroatica.com\/index.php\/wp-json\/wp\/v2\/pages\/97\/revisions"}],"predecessor-version":[{"id":169,"href":"https:\/\/actageographicacroatica.com\/index.php\/wp-json\/wp\/v2\/pages\/97\/revisions\/169"}],"wp:attachment":[{"href":"https:\/\/actageographicacroatica.com\/index.php\/wp-json\/wp\/v2\/media?parent=97"}],"curies":[{"name":"wp","href":"https:\/\/api.w.org\/{rel}","templated":true}]}}